{"id":3,"date":"2023-04-14T16:33:28","date_gmt":"2023-04-14T16:33:28","guid":{"rendered":"http:\/\/downtownmtldentistry.com\/?page_id=3"},"modified":"2024-02-27T03:29:53","modified_gmt":"2024-02-27T03:29:53","slug":"privacy-policy","status":"publish","type":"page","link":"https:\/\/downtownmontrealdentistry.com\/fr\/privacy-policy\/","title":{"rendered":"Politique de confidentialit\u00e9"},"content":{"rendered":"<div class=\"fusion-fullwidth fullwidth-box fusion-builder-row-1 fusion-flex-container has-pattern-background has-mask-background nonhundred-percent-fullwidth non-hundred-percent-height-scrolling\" style=\"--awb-border-radius-top-left:0px;--awb-border-radius-top-right:0px;--awb-border-radius-bottom-right:0px;--awb-border-radius-bottom-left:0px;--awb-flex-wrap:wrap;\" ><div class=\"fusion-builder-row fusion-row fusion-flex-align-items-flex-start fusion-flex-content-wrap\" style=\"max-width:1216.8px;margin-left: calc(-4% \/ 2 );margin-right: calc(-4% \/ 2 );\"><div class=\"fusion-layout-column fusion_builder_column fusion-builder-column-0 fusion_builder_column_1_1 1_1 fusion-flex-column\" style=\"--awb-bg-size:cover;--awb-width-large:100%;--awb-margin-top-large:0px;--awb-spacing-right-large:1.92%;--awb-margin-bottom-large:30px;--awb-spacing-left-large:1.92%;--awb-width-medium:100%;--awb-order-medium:0;--awb-spacing-right-medium:1.92%;--awb-spacing-left-medium:1.92%;--awb-width-small:100%;--awb-order-small:0;--awb-spacing-right-small:1.92%;--awb-spacing-left-small:1.92%;\"><div class=\"fusion-column-wrapper fusion-column-has-shadow fusion-flex-justify-content-flex-start fusion-content-layout-column\"><div class=\"fusion-title title fusion-title-1 fusion-sep-none fusion-title-center fusion-title-text fusion-title-size-two\"><h2 class=\"fusion-title-heading title-heading-center fusion-responsive-typography-calculated\" style=\"margin:0;text-transform:capitalize;--fontSize:46;line-height:1.25;\">Politique de confidentialit\u00e9<\/h2><\/div><div class=\"fusion-separator fusion-full-width-sep\" style=\"align-self: center;margin-left: auto;margin-right: auto;margin-top:50px;margin-bottom:50px;width:100%;\"><div class=\"fusion-separator-border sep-single\" style=\"--awb-height:20px;--awb-amount:20px;--awb-sep-color:var(--awb-color4);border-color:var(--awb-color4);border-top-width:1px;\"><\/div><\/div><div class=\"fusion-text fusion-text-1\"><p><strong>Politique de confidentialit\u00e9 pour Clinique DMD<\/strong><br \/>\n<strong>Date d\u2019entr\u00e9e en vigueur : 22 septembre 2023<\/strong><\/p>\n<p>\u00c0 la Clinique DMD nous nous engageons \u00e0 prot\u00e9ger la confidentialit\u00e9 et la s\u00e9curit\u00e9 des renseignements personnels de nos patients. Cette politique de confidentialit\u00e9 explique comment nous recueillons, partageons, utilisons et prot\u00e9geons vos renseignements personnels conform\u00e9ment aux lois et r\u00e9glementations applicables.<\/p>\n<p><strong>Informations que nous recueillons<\/strong><br \/>\nNous recueillons des renseignements personnels aupr\u00e8s de nos patients pour leur fournir des services dentaires. Ces informations peuvent inclure, sans se limiter:<br \/>\n\u2022 Des coordonn\u00e9es telles que votre nom, votre adresse postale, votre adresse courriel et votre num\u00e9ro de t\u00e9l\u00e9phone;<br \/>\n\u2022 Des informations d\u00e9mographiques telles que votre \u00e2ge et votre genre;<br \/>\n\u2022 Des informations sur la sant\u00e9 telles que vos ant\u00e9c\u00e9dents m\u00e9dicaux, vos m\u00e9dicaments actuels et vos allergies;<br \/>\n\u2022 Des informations sur l\u2019assurance, telles que votre num\u00e9ro de police et votre compagnie d\u2019assurance;<br \/>\n\u2022 Des informations biom\u00e9triques telles que radiographies et imagerie dentaire.<br \/>\n\u2022 Autres donn\u00e9es fournies lorsque vous utilisez notre site Web, y compris les donn\u00e9es de Google Analytics.<\/p>\n<p><strong>Comment nous utilisons vos informations<\/strong><br \/>\nNous utilisons vos renseignements personnels pour vous fournir des soins dentaires, notamment:<br \/>\n\u2022 Faciliter la prise de rendez-vous;<br \/>\n\u2022 Effectuer des examens et des traitements dentaires;<br \/>\n\u2022 Maintenir et mettre \u00e0 jour mes dossiers dentaires;<br \/>\n\u2022 G\u00e9rer les comptes des patients;<br \/>\n\u2022 Vous contacter avec des rappels et des informations de suivi et;<br \/>\n\u2022 Traiter les paiements et les r\u00e9clamations d\u2019assurance.<br \/>\n\u2022 Nous pouvons \u00e9galement utiliser vos informations pour am\u00e9liorer nos services dentaires et pour nous conformer aux exigences l\u00e9gales et r\u00e9glementaires.<\/p>\n<p>Nous ne recueillons que les renseignements personnels n\u00e9cessaires aux fins identifi\u00e9es dans la pr\u00e9sente politique. Les renseignements personnels ne sont pas utilis\u00e9s ou divulgu\u00e9s \u00e0 des fins autres que celles pour lesquelles elles ont \u00e9t\u00e9 recueillies, sauf avec le consentement de la personne concern\u00e9e ou si la loi l\u2019exige. Les renseignements personnels ne sont conserv\u00e9s que le temps n\u00e9cessaire \u00e0 la r\u00e9alisation de ces fins.<\/p>\n<p><strong>Nos m\u00e9thodes de collecte<\/strong><br \/>\nLes renseignements personnels seront recueillis au moyen d\u2019une combinaison de formulaires en ligne et sur papier, d\u2019entrevues en personne et de toute communication avec le personnel de la clinique.<\/p>\n<p><strong>Le partage d\u2019information<\/strong><br \/>\nNous ne partageons pas vos renseignements personnels avec des tiers sauf si cela est n\u00e9cessaire pour la prestation de services dentaires, comme avec des laboratoires dentaires pour la cr\u00e9ation d\u2019appareils dentaires, ou avec des compagnies d\u2019assurance pour le traitement des r\u00e9clamations. Clinique DMD s\u2019engage \u00e0 ne pas donner, vendre ou louer mes informations personnelles \u00e0 des tiers. Nous ne partagerons les informations qu\u2019avec votre consentement ou lorsque la loi l\u2019exige.<\/p>\n<p><strong>La localisation de vos informations<\/strong><br \/>\nLes renseignements personnels sont g\u00e9n\u00e9ralement conserv\u00e9s ou trait\u00e9s dans des installations situ\u00e9es au Qu\u00e9bec. Certaines de ces donn\u00e9es peuvent \u00eatre trait\u00e9es par des tiers \u00e0 l\u2019ext\u00e9rieur du Qu\u00e9bec. Si tel est le cas Clinique DMD prends les mesures raisonnables pour s\u2019assurer de la protection de vos donn\u00e9es avec les tiers en question.<\/p>\n<p><strong>La s\u00e9curit\u00e9 des informations<\/strong><br \/>\nNous prenons des mesures raisonnables pour prot\u00e9ger vos renseignements personnels contre tout acc\u00e8s, utilisation ou divulgation non autoris\u00e9s. Malgr\u00e9 cela, aucun m\u00e9canisme de s\u00e9curit\u00e9 ne peut garantir une protection parfaite et il existera toujours un certain risque r\u00e9siduel. Notre bureau utilise des syst\u00e8mes de dossiers s\u00e9curis\u00e9s, une gestion efficace des identit\u00e9s et des acc\u00e8s et des protections physiques pour prot\u00e9ger vos informations, le tout conform\u00e9ment aux lois et r\u00e9glementations en vigueur.<\/p>\n<p><strong>Vos droits<\/strong><br \/>\nVous disposez d\u2019un droit d\u2019acc\u00e8s, de modification ou de suppression de vos informations personnelles. Vous pouvez retirer votre consentement \u00e0 la collecte et \u00e0 l\u2019utilisation de vos renseignements personnels \u00e0 tout moment. Cependant, cela pourrait nous emp\u00eacher par exemple, de vous fournir des services dentaires ad\u00e9quats.<\/p>\n<p>Vous avez tous les droits conformes aux exigences l\u00e9gales et r\u00e9glementaires.<br \/>\nSi vous souhaitez exercer ces droits, veuillez nous contacter en personne, par t\u00e9l\u00e9phone (514) 844-3112 ou par courriel \u00e0 info@downtownmtldentistry.com.<\/p>\n<p><strong>Modifications de notre politique de confidentialit\u00e9<\/strong><br \/>\nNous nous r\u00e9servons le droit de modifier cette politique de confidentialit\u00e9 \u00e0 tout moment afin de maintenir la conformit\u00e9 et tenir compte de tout changement \u00e0 notre processus de collecte des renseignements personnels.<\/p>\n<p>Si nous apportons des modifications importantes \u00e0 la politique, nous vous en informerons publiant un avis ou en mettant en ligne une nouvelle version de la politique sur notre site Web.<\/p>\n<p><strong>Contactez-nous<\/strong><br \/>\nSi vous avez des questions concernant notre politique de confidentialit\u00e9 ou le traitement de vos renseignements personnels, veuillez nous contacter en personne, par t\u00e9l\u00e9phone (514) 844-3112 ou par courriel \u00e0 info@downtownmtldentistry.com.<\/p>\n<p><strong>Date d\u2019entr\u00e9e en vigueur: <\/strong>22 septembre 2023<\/p>\n<p><strong>Date de la derni\u00e8re mise \u00e0 jour:<\/strong> 22 septembre 2023<\/p>\n<\/div><\/div><\/div><\/div><\/div>","protected":false},"excerpt":{"rendered":"","protected":false},"author":2,"featured_media":0,"parent":0,"menu_order":0,"comment_status":"closed","ping_status":"open","template":"","meta":{"footnotes":""},"class_list":["post-3","page","type-page","status-publish","hentry"],"_links":{"self":[{"href":"https:\/\/downtownmontrealdentistry.com\/fr\/wp-json\/wp\/v2\/pages\/3","targetHints":{"allow":["GET"]}}],"collection":[{"href":"https:\/\/downtownmontrealdentistry.com\/fr\/wp-json\/wp\/v2\/pages"}],"about":[{"href":"https:\/\/downtownmontrealdentistry.com\/fr\/wp-json\/wp\/v2\/types\/page"}],"author":[{"embeddable":true,"href":"https:\/\/downtownmontrealdentistry.com\/fr\/wp-json\/wp\/v2\/users\/2"}],"replies":[{"embeddable":true,"href":"https:\/\/downtownmontrealdentistry.com\/fr\/wp-json\/wp\/v2\/comments?post=3"}],"version-history":[{"count":5,"href":"https:\/\/downtownmontrealdentistry.com\/fr\/wp-json\/wp\/v2\/pages\/3\/revisions"}],"predecessor-version":[{"id":4136,"href":"https:\/\/downtownmontrealdentistry.com\/fr\/wp-json\/wp\/v2\/pages\/3\/revisions\/4136"}],"wp:attachment":[{"href":"https:\/\/downtownmontrealdentistry.com\/fr\/wp-json\/wp\/v2\/media?parent=3"}],"curies":[{"name":"wp","href":"https:\/\/api.w.org\/{rel}","templated":true}]}}