{"id":9,"date":"2015-12-14T04:10:44","date_gmt":"2015-12-14T04:10:44","guid":{"rendered":"http:\/\/theme-fusion.com\/avada\/medical\/?page_id=9"},"modified":"2023-04-26T01:34:02","modified_gmt":"2023-04-26T01:34:02","slug":"services","status":"publish","type":"page","link":"https:\/\/downtownmontrealdentistry.com\/fr\/services\/","title":{"rendered":"Services"},"content":{"rendered":"<p><div class=\"fusion-bg-parallax\" data-bg-align=\"center center\" data-direction=\"left\" data-mute=\"false\" data-opacity=\"100\" data-velocity=\"-0.4\" data-mobile-enabled=\"false\" data-break_parents=\"0\" data-bg-image=\"https:\/\/downtownmtldentistry.com\/wp-content\/uploads\/services_header_bg-1024x630.png\" data-bg-repeat=\"false\" ><\/div><div class=\"fusion-fullwidth fullwidth-box fusion-builder-row-1 fusion-flex-container has-pattern-background has-mask-background fusion-parallax-left nonhundred-percent-fullwidth non-hundred-percent-height-scrolling lazyload\" style=\"--awb-border-sizes-top:0px;--awb-border-sizes-bottom:0px;--awb-border-sizes-left:0px;--awb-border-sizes-right:0px;--awb-border-radius-top-left:0px;--awb-border-radius-top-right:0px;--awb-border-radius-bottom-right:0px;--awb-border-radius-bottom-left:0px;--awb-padding-top:10%;--awb-padding-right:5%;--awb-padding-bottom:10%;--awb-padding-left:5%;--awb-background-size:cover;--awb-flex-wrap:wrap;\" data-bg=\"https:\/\/downtownmtldentistry.com\/wp-content\/uploads\/services_header_bg-1024x630.png\" ><div class=\"fusion-builder-row fusion-row fusion-flex-align-items-flex-start fusion-flex-content-wrap\" style=\"max-width:calc( 1170px + 0px );margin-left: calc(-0px \/ 2 );margin-right: calc(-0px \/ 2 );\"><div class=\"fusion-layout-column fusion_builder_column fusion-builder-column-0 fusion_builder_column_1_1 1_1 fusion-flex-column\" style=\"--awb-bg-blend:overlay;--awb-bg-size:cover;--awb-width-large:100%;--awb-margin-top-large:0px;--awb-spacing-right-large:0px;--awb-margin-bottom-large:30px;--awb-spacing-left-large:0px;--awb-width-medium:100%;--awb-spacing-right-medium:0px;--awb-spacing-left-medium:0px;--awb-width-small:100%;--awb-spacing-right-small:0px;--awb-spacing-left-small:0px;\"><div class=\"fusion-column-wrapper fusion-flex-justify-content-flex-start fusion-content-layout-column\"><div class=\"fusion-title title fusion-title-1 fusion-sep-none fusion-title-center fusion-title-text fusion-title-size-one\" style=\"--awb-text-color:var(--awb-color1);--awb-margin-top:50px;--awb-margin-bottom:30px;--awb-margin-top-medium:20px;\"><h1 class=\"fusion-title-heading title-heading-center fusion-responsive-typography-calculated\" style=\"margin:0;text-transform:capitalize;--fontSize:80;line-height:var(--awb-typography1-line-height);\">Nos Services<\/h1><\/div><\/div><\/div><\/div><\/div><div class=\"fusion-fullwidth fullwidth-box fusion-builder-row-2 fusion-flex-container nonhundred-percent-fullwidth non-hundred-percent-height-scrolling\" style=\"--awb-background-position:left top;--awb-background-blend-mode:overlay;--awb-border-sizes-top:0px;--awb-border-sizes-bottom:0px;--awb-border-sizes-left:0px;--awb-border-sizes-right:0px;--awb-border-radius-top-left:0px;--awb-border-radius-top-right:0px;--awb-border-radius-bottom-right:0px;--awb-border-radius-bottom-left:0px;--awb-padding-top:30px;--awb-padding-bottom:30px;--awb-padding-top-small:80px;--awb-padding-bottom-small:40px;--awb-background-color:hsla(var(--awb-color1-h),var(--awb-color1-s),var(--awb-color1-l),calc( var(--awb-color1-a) - 50% ));--awb-flex-wrap:wrap;\" ><div class=\"fusion-builder-row fusion-row fusion-flex-align-items-center fusion-flex-content-wrap\" style=\"max-width:1216.8px;margin-left: calc(-4% \/ 2 );margin-right: calc(-4% \/ 2 );\"><div class=\"fusion-layout-column fusion_builder_column fusion-builder-column-1 fusion_builder_column_1_6 1_6 fusion-flex-column fusion-no-small-visibility fusion-no-medium-visibility\" style=\"--awb-bg-blend:overlay;--awb-bg-size:cover;--awb-width-large:16.666666666667%;--awb-margin-top-large:0px;--awb-spacing-right-large:11.52%;--awb-margin-bottom-large:30px;--awb-spacing-left-large:11.52%;--awb-width-medium:100%;--awb-spacing-right-medium:1.92%;--awb-spacing-left-medium:1.92%;--awb-width-small:100%;--awb-spacing-right-small:1.92%;--awb-spacing-left-small:1.92%;\"><div class=\"fusion-column-wrapper fusion-flex-justify-content-flex-start fusion-content-layout-column\"><\/div><\/div><div class=\"fusion-layout-column fusion_builder_column fusion-builder-column-2 fusion_builder_column_2_3 2_3 fusion-flex-column\" style=\"--awb-bg-blend:overlay;--awb-bg-size:cover;--awb-width-large:66.666666666667%;--awb-margin-top-large:0px;--awb-spacing-right-large:2.88%;--awb-margin-bottom-large:30px;--awb-spacing-left-large:2.88%;--awb-width-medium:100%;--awb-spacing-right-medium:1.92%;--awb-spacing-left-medium:1.92%;--awb-width-small:100%;--awb-spacing-right-small:1.92%;--awb-spacing-left-small:1.92%;\"><div class=\"fusion-column-wrapper fusion-flex-justify-content-flex-start fusion-content-layout-column\"><div class=\"fusion-text fusion-text-1\" style=\"--awb-content-alignment:center;\"><h3>Nous offrons un large \u00e9ventail de traitements dentaires pour tous les groupes d'\u00e2ge, en mettant l'accent sur la pr\u00e9vention des probl\u00e8mes.<\/h3>\n<\/div><\/div><\/div><div class=\"fusion-layout-column fusion_builder_column fusion-builder-column-3 fusion_builder_column_1_6 1_6 fusion-flex-column fusion-no-small-visibility fusion-no-medium-visibility\" style=\"--awb-bg-blend:overlay;--awb-bg-size:cover;--awb-width-large:16.666666666667%;--awb-margin-top-large:0px;--awb-spacing-right-large:11.52%;--awb-margin-bottom-large:30px;--awb-spacing-left-large:11.52%;--awb-width-medium:100%;--awb-spacing-right-medium:1.92%;--awb-spacing-left-medium:1.92%;--awb-width-small:100%;--awb-spacing-right-small:1.92%;--awb-spacing-left-small:1.92%;\"><div class=\"fusion-column-wrapper fusion-flex-justify-content-flex-start fusion-content-layout-column\"><\/div><\/div><\/div><\/div><div class=\"fusion-fullwidth fullwidth-box fusion-builder-row-3 fusion-flex-container hundred-percent-fullwidth non-hundred-percent-height-scrolling\" style=\"--awb-background-position:left top;--awb-border-sizes-top:0px;--awb-border-sizes-bottom:0px;--awb-border-sizes-left:0px;--awb-border-sizes-right:0px;--awb-border-radius-top-left:0px;--awb-border-radius-top-right:0px;--awb-border-radius-bottom-right:0px;--awb-border-radius-bottom-left:0px;--awb-padding-top:100px;--awb-padding-right:12%;--awb-padding-bottom:115px;--awb-padding-left:12%;--awb-background-color:hsla(var(--awb-color8-h),var(--awb-color8-s),calc( var(--awb-color8-l) + 78% ),var(--awb-color8-a));--awb-flex-wrap:wrap;\" ><div class=\"fusion-builder-row fusion-row fusion-flex-align-items-flex-start fusion-flex-content-wrap\" style=\"width:calc( 100% + 0px ) !important;max-width:calc( 100% + 0px ) !important;margin-left: calc(-0px \/ 2 );margin-right: calc(-0px \/ 2 );\"><div class=\"fusion-layout-column fusion_builder_column fusion-builder-column-4 fusion_builder_column_1_1 1_1 fusion-flex-column\" style=\"--awb-bg-blend:overlay;--awb-bg-size:cover;--awb-width-large:100%;--awb-margin-top-large:0px;--awb-spacing-right-large:0px;--awb-margin-bottom-large:30px;--awb-spacing-left-large:0px;--awb-width-medium:100%;--awb-spacing-right-medium:0px;--awb-spacing-left-medium:0px;--awb-width-small:100%;--awb-spacing-right-small:0px;--awb-spacing-left-small:0px;\"><div class=\"fusion-column-wrapper fusion-flex-justify-content-flex-start fusion-content-layout-column\"><style type=\"text\/css\">.fusion-portfolio-wrapper#fusion-portfolio-1 .fusion-portfolio-content{ padding: 25px 25px 25px 25px; text-align: center; }<\/style><div class=\"fusion-recent-works fusion-portfolio-element fusion-portfolio fusion-portfolio-1 fusion-portfolio-grid fusion-portfolio-paging-none fusion-portfolio-three fusion-portfolio-boxed fusion-portfolio-text fusion-portfolio-equal-heights\" data-id=\"-rw-1\" data-columns=\"three\"><style type=\"text\/css\">.fusion-portfolio-1 .fusion-portfolio-wrapper .fusion-col-spacing{padding:30px;}<\/style><div class=\"fusion-portfolio-wrapper\" id=\"fusion-portfolio-1\" data-picturesize=\"auto\" data-pages=\"1\" style=\"margin:-30px;\"><article id=\"portfolio-1-post-3245\" class=\"fusion-portfolio-post dental-hygiene fusion-col-spacing post-3245\"><div class=\"fusion-portfolio-content-wrapper\" style=\"border:1px solid var(--awb-color3);border-bottom-width:3px;background-color:var(--awb-color1);\"><span class=\"vcard rich-snippet-hidden\"><span class=\"fn\"><a href=\"https:\/\/downtownmontrealdentistry.com\/fr\" title=\"Articles par CliniqueDMD\" rel=\"author\">CliniqueDMD<\/a><\/span><\/span><span class=\"updated rich-snippet-hidden\">2023-04-23T14:46:51+00:00<\/span><div  class=\"fusion-image-wrapper\" aria-haspopup=\"true\">\n\t\t\t\t\t\t\t<a href=\"https:\/\/downtownmontrealdentistry.com\/fr\/our-services\/dental-hygiene\/\" aria-label=\"Hygi\u00e8ne dentaire\">\n\t\t\t\t\t\t\t<img decoding=\"async\" width=\"1000\" height=\"778\" src=\"https:\/\/downtownmontrealdentistry.com\/wp-content\/uploads\/Dental-hygiene-service.png\" class=\"attachment-full size-full lazyload wp-post-image\" alt=\"\" srcset=\"data:image\/svg+xml,%3Csvg%20xmlns%3D%27http%3A%2F%2Fwww.w3.org%2F2000%2Fsvg%27%20width%3D%271000%27%20height%3D%27778%27%20viewBox%3D%270%200%201000%20778%27%3E%3Crect%20width%3D%271000%27%20height%3D%27778%27%20fill-opacity%3D%220%22%2F%3E%3C%2Fsvg%3E\" data-orig-src=\"https:\/\/downtownmontrealdentistry.com\/wp-content\/uploads\/Dental-hygiene-service.png\" data-srcset=\"https:\/\/downtownmontrealdentistry.com\/wp-content\/uploads\/Dental-hygiene-service-200x156.png 200w, https:\/\/downtownmontrealdentistry.com\/wp-content\/uploads\/Dental-hygiene-service-400x311.png 400w, https:\/\/downtownmontrealdentistry.com\/wp-content\/uploads\/Dental-hygiene-service-600x467.png 600w, https:\/\/downtownmontrealdentistry.com\/wp-content\/uploads\/Dental-hygiene-service-800x622.png 800w, https:\/\/downtownmontrealdentistry.com\/wp-content\/uploads\/Dental-hygiene-service.png 1000w\" data-sizes=\"auto\" \/>\t\t\t<\/a>\n\t\t\t\t\t\t\t<\/div>\n<div class=\"fusion-portfolio-content\" style=\"background-color:var(--awb-color1);\"><h2 class=\"entry-title fusion-post-title\"><a href=\"https:\/\/downtownmontrealdentistry.com\/fr\/our-services\/dental-hygiene\/\">Hygi\u00e8ne dentaire<\/a><\/h2><div class=\"fusion-post-content\"><\/div><\/div><\/div><\/article><article id=\"portfolio-1-post-3243\" class=\"fusion-portfolio-post periodontal-therapy fusion-col-spacing post-3243\"><div class=\"fusion-portfolio-content-wrapper\" style=\"border:1px solid var(--awb-color3);border-bottom-width:3px;background-color:var(--awb-color1);\"><span class=\"vcard rich-snippet-hidden\"><span class=\"fn\"><a href=\"https:\/\/downtownmontrealdentistry.com\/fr\" title=\"Articles par CliniqueDMD\" rel=\"author\">CliniqueDMD<\/a><\/span><\/span><span class=\"updated rich-snippet-hidden\">2023-04-22T20:46:11+00:00<\/span><div  class=\"fusion-image-wrapper\" aria-haspopup=\"true\">\n\t\t\t\t\t\t\t<a href=\"https:\/\/downtownmontrealdentistry.com\/fr\/our-services\/periodontal-therapy\/\" aria-label=\"Th\u00e9rapie parodontale\">\n\t\t\t\t\t\t\t<img decoding=\"async\" width=\"1000\" height=\"778\" src=\"https:\/\/downtownmontrealdentistry.com\/wp-content\/uploads\/periodontal-therepy-service.png\" class=\"attachment-full size-full lazyload wp-post-image\" alt=\"\" srcset=\"data:image\/svg+xml,%3Csvg%20xmlns%3D%27http%3A%2F%2Fwww.w3.org%2F2000%2Fsvg%27%20width%3D%271000%27%20height%3D%27778%27%20viewBox%3D%270%200%201000%20778%27%3E%3Crect%20width%3D%271000%27%20height%3D%27778%27%20fill-opacity%3D%220%22%2F%3E%3C%2Fsvg%3E\" data-orig-src=\"https:\/\/downtownmontrealdentistry.com\/wp-content\/uploads\/periodontal-therepy-service.png\" data-srcset=\"https:\/\/downtownmontrealdentistry.com\/wp-content\/uploads\/periodontal-therepy-service-200x156.png 200w, https:\/\/downtownmontrealdentistry.com\/wp-content\/uploads\/periodontal-therepy-service-400x311.png 400w, https:\/\/downtownmontrealdentistry.com\/wp-content\/uploads\/periodontal-therepy-service-600x467.png 600w, https:\/\/downtownmontrealdentistry.com\/wp-content\/uploads\/periodontal-therepy-service-800x622.png 800w, https:\/\/downtownmontrealdentistry.com\/wp-content\/uploads\/periodontal-therepy-service.png 1000w\" data-sizes=\"auto\" \/>\t\t\t<\/a>\n\t\t\t\t\t\t\t<\/div>\n<div class=\"fusion-portfolio-content\" style=\"background-color:var(--awb-color1);\"><h2 class=\"entry-title fusion-post-title\"><a href=\"https:\/\/downtownmontrealdentistry.com\/fr\/our-services\/periodontal-therapy\/\">Th\u00e9rapie parodontale<\/a><\/h2><div class=\"fusion-post-content\"><\/div><\/div><\/div><\/article><article id=\"portfolio-1-post-3241\" class=\"fusion-portfolio-post general-dentistry fusion-col-spacing post-3241\"><div class=\"fusion-portfolio-content-wrapper\" style=\"border:1px solid var(--awb-color3);border-bottom-width:3px;background-color:var(--awb-color1);\"><span class=\"vcard rich-snippet-hidden\"><span class=\"fn\"><a href=\"https:\/\/downtownmontrealdentistry.com\/fr\" title=\"Articles par CliniqueDMD\" rel=\"author\">CliniqueDMD<\/a><\/span><\/span><span class=\"updated rich-snippet-hidden\">2023-04-23T02:10:36+00:00<\/span><div  class=\"fusion-image-wrapper\" aria-haspopup=\"true\">\n\t\t\t\t\t\t\t<a href=\"https:\/\/downtownmontrealdentistry.com\/fr\/our-services\/general-dentistry\/\" aria-label=\"Dentisterie g\u00e9n\u00e9rale\">\n\t\t\t\t\t\t\t<img decoding=\"async\" width=\"1000\" height=\"778\" src=\"https:\/\/downtownmontrealdentistry.com\/wp-content\/uploads\/General-Dentistry-service.png\" class=\"attachment-full size-full lazyload wp-post-image\" alt=\"\" srcset=\"data:image\/svg+xml,%3Csvg%20xmlns%3D%27http%3A%2F%2Fwww.w3.org%2F2000%2Fsvg%27%20width%3D%271000%27%20height%3D%27778%27%20viewBox%3D%270%200%201000%20778%27%3E%3Crect%20width%3D%271000%27%20height%3D%27778%27%20fill-opacity%3D%220%22%2F%3E%3C%2Fsvg%3E\" data-orig-src=\"https:\/\/downtownmontrealdentistry.com\/wp-content\/uploads\/General-Dentistry-service.png\" data-srcset=\"https:\/\/downtownmontrealdentistry.com\/wp-content\/uploads\/General-Dentistry-service-200x156.png 200w, https:\/\/downtownmontrealdentistry.com\/wp-content\/uploads\/General-Dentistry-service-400x311.png 400w, https:\/\/downtownmontrealdentistry.com\/wp-content\/uploads\/General-Dentistry-service-600x467.png 600w, https:\/\/downtownmontrealdentistry.com\/wp-content\/uploads\/General-Dentistry-service-800x622.png 800w, https:\/\/downtownmontrealdentistry.com\/wp-content\/uploads\/General-Dentistry-service.png 1000w\" data-sizes=\"auto\" \/>\t\t\t<\/a>\n\t\t\t\t\t\t\t<\/div>\n<div class=\"fusion-portfolio-content\" style=\"background-color:var(--awb-color1);\"><h2 class=\"entry-title fusion-post-title\"><a href=\"https:\/\/downtownmontrealdentistry.com\/fr\/our-services\/general-dentistry\/\">Dentisterie g\u00e9n\u00e9rale<\/a><\/h2><div class=\"fusion-post-content\"><\/div><\/div><\/div><\/article><article id=\"portfolio-1-post-3239\" class=\"fusion-portfolio-post cosmetic-dentistry fusion-col-spacing post-3239\"><div class=\"fusion-portfolio-content-wrapper\" style=\"border:1px solid var(--awb-color3);border-bottom-width:3px;background-color:var(--awb-color1);\"><span class=\"vcard rich-snippet-hidden\"><span class=\"fn\"><a href=\"https:\/\/downtownmontrealdentistry.com\/fr\" title=\"Articles par CliniqueDMD\" rel=\"author\">CliniqueDMD<\/a><\/span><\/span><span class=\"updated rich-snippet-hidden\">2023-04-23T02:13:25+00:00<\/span><div  class=\"fusion-image-wrapper\" aria-haspopup=\"true\">\n\t\t\t\t\t\t\t<a href=\"https:\/\/downtownmontrealdentistry.com\/fr\/our-services\/cosmetic-dentistry\/\" aria-label=\"Dentisterie cosm\u00e9tique\">\n\t\t\t\t\t\t\t<img decoding=\"async\" width=\"1000\" height=\"778\" src=\"https:\/\/downtownmontrealdentistry.com\/wp-content\/uploads\/Cosmetic-Dentistry-service.png\" class=\"attachment-full size-full lazyload wp-post-image\" alt=\"\" srcset=\"data:image\/svg+xml,%3Csvg%20xmlns%3D%27http%3A%2F%2Fwww.w3.org%2F2000%2Fsvg%27%20width%3D%271000%27%20height%3D%27778%27%20viewBox%3D%270%200%201000%20778%27%3E%3Crect%20width%3D%271000%27%20height%3D%27778%27%20fill-opacity%3D%220%22%2F%3E%3C%2Fsvg%3E\" data-orig-src=\"https:\/\/downtownmontrealdentistry.com\/wp-content\/uploads\/Cosmetic-Dentistry-service.png\" data-srcset=\"https:\/\/downtownmontrealdentistry.com\/wp-content\/uploads\/Cosmetic-Dentistry-service-200x156.png 200w, https:\/\/downtownmontrealdentistry.com\/wp-content\/uploads\/Cosmetic-Dentistry-service-400x311.png 400w, https:\/\/downtownmontrealdentistry.com\/wp-content\/uploads\/Cosmetic-Dentistry-service-600x467.png 600w, https:\/\/downtownmontrealdentistry.com\/wp-content\/uploads\/Cosmetic-Dentistry-service-800x622.png 800w, https:\/\/downtownmontrealdentistry.com\/wp-content\/uploads\/Cosmetic-Dentistry-service.png 1000w\" data-sizes=\"auto\" \/>\t\t\t<\/a>\n\t\t\t\t\t\t\t<\/div>\n<div class=\"fusion-portfolio-content\" style=\"background-color:var(--awb-color1);\"><h2 class=\"entry-title fusion-post-title\"><a href=\"https:\/\/downtownmontrealdentistry.com\/fr\/our-services\/cosmetic-dentistry\/\">Dentisterie cosm\u00e9tique<\/a><\/h2><div class=\"fusion-post-content\"><\/div><\/div><\/div><\/article><article id=\"portfolio-1-post-3237\" class=\"fusion-portfolio-post pediatric-dentistry fusion-col-spacing post-3237\"><div class=\"fusion-portfolio-content-wrapper\" style=\"border:1px solid var(--awb-color3);border-bottom-width:3px;background-color:var(--awb-color1);\"><span class=\"vcard rich-snippet-hidden\"><span class=\"fn\"><a href=\"https:\/\/downtownmontrealdentistry.com\/fr\" title=\"Articles par CliniqueDMD\" rel=\"author\">CliniqueDMD<\/a><\/span><\/span><span class=\"updated rich-snippet-hidden\">2023-04-23T02:13:22+00:00<\/span><div  class=\"fusion-image-wrapper\" aria-haspopup=\"true\">\n\t\t\t\t\t\t\t<a href=\"https:\/\/downtownmontrealdentistry.com\/fr\/our-services\/pediatric-dentistry\/\" aria-label=\"Dentisterie p\u00e9diatrique\">\n\t\t\t\t\t\t\t<img decoding=\"async\" width=\"1000\" height=\"778\" src=\"https:\/\/downtownmontrealdentistry.com\/wp-content\/uploads\/Kids-Dentist-service.png\" class=\"attachment-full size-full lazyload wp-post-image\" alt=\"\" srcset=\"data:image\/svg+xml,%3Csvg%20xmlns%3D%27http%3A%2F%2Fwww.w3.org%2F2000%2Fsvg%27%20width%3D%271000%27%20height%3D%27778%27%20viewBox%3D%270%200%201000%20778%27%3E%3Crect%20width%3D%271000%27%20height%3D%27778%27%20fill-opacity%3D%220%22%2F%3E%3C%2Fsvg%3E\" data-orig-src=\"https:\/\/downtownmontrealdentistry.com\/wp-content\/uploads\/Kids-Dentist-service.png\" data-srcset=\"https:\/\/downtownmontrealdentistry.com\/wp-content\/uploads\/Kids-Dentist-service-200x156.png 200w, https:\/\/downtownmontrealdentistry.com\/wp-content\/uploads\/Kids-Dentist-service-400x311.png 400w, https:\/\/downtownmontrealdentistry.com\/wp-content\/uploads\/Kids-Dentist-service-600x467.png 600w, https:\/\/downtownmontrealdentistry.com\/wp-content\/uploads\/Kids-Dentist-service-800x622.png 800w, https:\/\/downtownmontrealdentistry.com\/wp-content\/uploads\/Kids-Dentist-service.png 1000w\" data-sizes=\"auto\" \/>\t\t\t<\/a>\n\t\t\t\t\t\t\t<\/div>\n<div class=\"fusion-portfolio-content\" style=\"background-color:var(--awb-color1);\"><h2 class=\"entry-title fusion-post-title\"><a href=\"https:\/\/downtownmontrealdentistry.com\/fr\/our-services\/pediatric-dentistry\/\">Dentisterie p\u00e9diatrique<\/a><\/h2><div class=\"fusion-post-content\"><\/div><\/div><\/div><\/article><article id=\"portfolio-1-post-3235\" class=\"fusion-portfolio-post dental-implants fusion-col-spacing post-3235\"><div class=\"fusion-portfolio-content-wrapper\" style=\"border:1px solid var(--awb-color3);border-bottom-width:3px;background-color:var(--awb-color1);\"><span class=\"vcard rich-snippet-hidden\"><span class=\"fn\"><a href=\"https:\/\/downtownmontrealdentistry.com\/fr\" title=\"Articles par CliniqueDMD\" rel=\"author\">CliniqueDMD<\/a><\/span><\/span><span class=\"updated rich-snippet-hidden\">2023-04-23T02:13:20+00:00<\/span><div  class=\"fusion-image-wrapper\" aria-haspopup=\"true\">\n\t\t\t\t\t\t\t<a href=\"https:\/\/downtownmontrealdentistry.com\/fr\/our-services\/dental-implants\/\" aria-label=\"Implants dentaires\">\n\t\t\t\t\t\t\t<img decoding=\"async\" width=\"1000\" height=\"778\" src=\"https:\/\/downtownmontrealdentistry.com\/wp-content\/uploads\/implant-dentistry-service.png\" class=\"attachment-full size-full lazyload wp-post-image\" alt=\"\" srcset=\"data:image\/svg+xml,%3Csvg%20xmlns%3D%27http%3A%2F%2Fwww.w3.org%2F2000%2Fsvg%27%20width%3D%271000%27%20height%3D%27778%27%20viewBox%3D%270%200%201000%20778%27%3E%3Crect%20width%3D%271000%27%20height%3D%27778%27%20fill-opacity%3D%220%22%2F%3E%3C%2Fsvg%3E\" data-orig-src=\"https:\/\/downtownmontrealdentistry.com\/wp-content\/uploads\/implant-dentistry-service.png\" data-srcset=\"https:\/\/downtownmontrealdentistry.com\/wp-content\/uploads\/implant-dentistry-service-200x156.png 200w, https:\/\/downtownmontrealdentistry.com\/wp-content\/uploads\/implant-dentistry-service-400x311.png 400w, https:\/\/downtownmontrealdentistry.com\/wp-content\/uploads\/implant-dentistry-service-600x467.png 600w, https:\/\/downtownmontrealdentistry.com\/wp-content\/uploads\/implant-dentistry-service-800x622.png 800w, https:\/\/downtownmontrealdentistry.com\/wp-content\/uploads\/implant-dentistry-service.png 1000w\" data-sizes=\"auto\" \/>\t\t\t<\/a>\n\t\t\t\t\t\t\t<\/div>\n<div class=\"fusion-portfolio-content\" style=\"background-color:var(--awb-color1);\"><h2 class=\"entry-title fusion-post-title\"><a href=\"https:\/\/downtownmontrealdentistry.com\/fr\/our-services\/dental-implants\/\">Implants dentaires<\/a><\/h2><div class=\"fusion-post-content\"><\/div><\/div><\/div><\/article><\/div><\/div><\/div><\/div><\/div><\/div><div class=\"fusion-bg-parallax\" data-bg-align=\"center center\" data-direction=\"right\" data-mute=\"false\" data-opacity=\"100\" data-velocity=\"-0.5\" data-mobile-enabled=\"false\" data-break_parents=\"0\" data-bg-image=\"https:\/\/downtownmtldentistry.com\/wp-content\/uploads\/Smile_bg-1024x581.png\" data-bg-repeat=\"false\" ><\/div><div class=\"fusion-fullwidth fullwidth-box fusion-builder-row-4 fusion-flex-container has-pattern-background has-mask-background fusion-parallax-right nonhundred-percent-fullwidth non-hundred-percent-height-scrolling lazyload\" style=\"--awb-border-sizes-top:0px;--awb-border-sizes-bottom:0px;--awb-border-sizes-left:0px;--awb-border-sizes-right:0px;--awb-border-radius-top-left:0px;--awb-border-radius-top-right:0px;--awb-border-radius-bottom-right:0px;--awb-border-radius-bottom-left:0px;--awb-padding-top:130px;--awb-padding-bottom:100px;--awb-background-size:cover;--awb-flex-wrap:wrap;\" data-bg=\"https:\/\/downtownmtldentistry.com\/wp-content\/uploads\/Smile_bg-1024x581.png\" ><div class=\"fusion-builder-row fusion-row fusion-flex-align-items-stretch fusion-flex-justify-content-center fusion-flex-content-wrap\" style=\"max-width:1216.8px;margin-left: calc(-4% \/ 2 );margin-right: calc(-4% \/ 2 );\"><div class=\"fusion-layout-column fusion_builder_column fusion-builder-column-5 fusion_builder_column_3_5 3_5 fusion-flex-column\" style=\"--awb-bg-blend:overlay;--awb-bg-size:cover;--awb-width-large:60%;--awb-margin-top-large:0px;--awb-spacing-right-large:3.84%;--awb-margin-bottom-large:30px;--awb-spacing-left-large:3.2%;--awb-width-medium:80%;--awb-spacing-right-medium:2.88%;--awb-spacing-left-medium:2.4%;--awb-width-small:100%;--awb-spacing-right-small:1.92%;--awb-spacing-left-small:1.92%;\"><div class=\"fusion-column-wrapper fusion-flex-justify-content-flex-start fusion-content-layout-column\"><div class=\"fusion-title title fusion-title-2 fusion-sep-none fusion-title-text fusion-title-size-two\" style=\"--awb-text-color:var(--awb-color1);--awb-margin-bottom:20px;\"><h2 class=\"fusion-title-heading title-heading-left md-text-align-center sm-text-align-center fusion-responsive-typography-calculated\" style=\"margin:0;text-transform:capitalize;--fontSize:46;line-height:1.25;\">Prendre rendez-vous<\/h2><\/div><div class=\"fusion-title title fusion-title-3 fusion-sep-none fusion-title-text fusion-title-size-three\" style=\"--awb-text-color:var(--awb-color1);--awb-font-size:var(--awb-typography2-font-size);\"><h3 class=\"fusion-title-heading title-heading-left md-text-align-center sm-text-align-center fusion-responsive-typography-calculated\" style=\"font-family:var(--awb-typography2-font-family);font-weight:var(--awb-typography2-font-weight);font-style:var(--awb-typography2-font-style);margin:0;letter-spacing:var(--awb-typography2-letter-spacing);text-transform:var(--awb-typography2-text-transform);font-size:1em;--fontSize:22;--minFontSize:22;line-height:var(--awb-typography2-line-height);\">Faites le premier pas pour am\u00e9liorer votre sourire aujourd&#039;hui.<\/h3><\/div><\/div><\/div><div class=\"fusion-layout-column fusion_builder_column fusion-builder-column-6 fusion_builder_column_2_5 2_5 fusion-flex-column\" style=\"--awb-bg-blend:overlay;--awb-bg-size:cover;--awb-width-large:40%;--awb-margin-top-large:0px;--awb-spacing-right-large:4.8%;--awb-margin-bottom-large:30px;--awb-spacing-left-large:3.84%;--awb-width-medium:100%;--awb-spacing-right-medium:1.92%;--awb-spacing-left-medium:1.92%;--awb-width-small:100%;--awb-spacing-right-small:1.92%;--awb-spacing-left-small:1.92%;\"><div class=\"fusion-column-wrapper fusion-flex-justify-content-center fusion-content-layout-column\"><div style=\"text-align:center;\"><a class=\"fusion-button button-flat button-xlarge button-default fusion-button-default button-1 fusion-button-default-span fusion-button-default-type\" style=\"width:calc(100%);\" target=\"_self\" href=\"\/fr\/contact\/\"><span class=\"fusion-button-text awb-button__text awb-button__text--default\">PRENDRE RENDEZ-VOUS<\/span><\/a><\/div><\/div><\/div><\/div><\/div>\n<\/p>","protected":false},"excerpt":{"rendered":"","protected":false},"author":2,"featured_media":0,"parent":0,"menu_order":0,"comment_status":"closed","ping_status":"closed","template":"100-width.php","meta":{"footnotes":""},"class_list":["post-9","page","type-page","status-publish","hentry"],"_links":{"self":[{"href":"https:\/\/downtownmontrealdentistry.com\/fr\/wp-json\/wp\/v2\/pages\/9","targetHints":{"allow":["GET"]}}],"collection":[{"href":"https:\/\/downtownmontrealdentistry.com\/fr\/wp-json\/wp\/v2\/pages"}],"about":[{"href":"https:\/\/downtownmontrealdentistry.com\/fr\/wp-json\/wp\/v2\/types\/page"}],"author":[{"embeddable":true,"href":"https:\/\/downtownmontrealdentistry.com\/fr\/wp-json\/wp\/v2\/users\/2"}],"replies":[{"embeddable":true,"href":"https:\/\/downtownmontrealdentistry.com\/fr\/wp-json\/wp\/v2\/comments?post=9"}],"version-history":[{"count":24,"href":"https:\/\/downtownmontrealdentistry.com\/fr\/wp-json\/wp\/v2\/pages\/9\/revisions"}],"predecessor-version":[{"id":3498,"href":"https:\/\/downtownmontrealdentistry.com\/fr\/wp-json\/wp\/v2\/pages\/9\/revisions\/3498"}],"wp:attachment":[{"href":"https:\/\/downtownmontrealdentistry.com\/fr\/wp-json\/wp\/v2\/media?parent=9"}],"curies":[{"name":"wp","href":"https:\/\/api.w.org\/{rel}","templated":true}]}}